{"id":3,"date":"2024-05-22T13:01:11","date_gmt":"2024-05-22T13:01:11","guid":{"rendered":"https:\/\/purkamattaparas.fi\/?page_id=3"},"modified":"2024-10-06T16:41:21","modified_gmt":"2024-10-06T16:41:21","slug":"privacy-policy","status":"publish","type":"page","link":"https:\/\/purkamattaparas.fi\/index.php\/privacy-policy\/","title":{"rendered":"Tietosuoja"},"content":{"rendered":"\n<h2 class=\"wp-block-heading\">Tietosuoja on meille t\u00e4rke\u00e4&nbsp; asia ja k\u00e4sittelemme aina kaikkia henkil\u00f6tietoja huolellisesti ja sovellettavien lakien ja m\u00e4\u00e4r\u00e4ysten mukaisesti. Olemme sitoutuneet kunnioittamaan oikeuksia, jotka liittyv\u00e4t tallennettuihin henkil\u00f6tietoihin. K\u00e4sittelemme tietoja EU:n tietosuoja-asetuksen (GDPR) mukaan. T\u00e4m\u00e4 tietosuojaseloste koskee Purkamatta paras -kampanjan verkkopalvelujen k\u00e4ytt\u00e4ji\u00e4.<\/h2>\n\n\n\n<hr class=\"wp-block-separator has-alpha-channel-opacity\"\/>\n\n\n\n<p><strong>REKISTERINPIT\u00c4J\u00c4<\/strong><br>Henkil\u00f6tietojesi k\u00e4sittelyst\u00e4 vastaa Purkamatta paras -kampanja (rekisterinpit\u00e4j\u00e4). Tarjoamme tietoa toiminnastamme, kuten n\u00e4yttelyist\u00e4, rakennussuojelusta, tutkimuksesta ja tapahtumista. T\u00e4m\u00e4&nbsp; toiminta edellytt\u00e4\u00e4 henkil\u00f6tietojen k\u00e4sittely\u00e4 ja henkil\u00f6rekistereiden yll\u00e4pitoa. Pid\u00e4mme t\u00e4rke\u00e4n\u00e4 tiedon levitt\u00e4mist\u00e4 Purkamatta paras -kampanjan toteuttamiseksi.<\/p>\n\n\n\n<p><strong>UUTISKIRJEIDEN, TIEDOTTEIDEN JA MARKKINOINTIVIESTIEN L\u00c4HETT\u00c4MINEN<\/strong><br>Voit liitty\u00e4 halutessasi s\u00e4hk\u00f6postilistallemme verkkolomakkeella ja my\u00f6s erota niist\u00e4 milloin tahansa klikkaamalla viestiss\u00e4 olevaa linkki\u00e4. <\/p>\n\n\n\n<p><strong>TAPAHTUMIIN LIITTYV\u00c4 VIESTINT\u00c4<\/strong><br>L\u00e4het\u00e4mme kutsuja tapahtumiin, kuten n\u00e4yttelyn avajaisiin tai seminaareihin kohdennetusti. K\u00e4yt\u00e4mme tietoja ilmoittautumisten ja osallistujalistojen hallintaan ja tapahtumaan liittyv\u00e4\u00e4n viestint\u00e4\u00e4n. Voit kielt\u00e4yty\u00e4 vastaanottamasta viestej\u00e4 koska tahansa klikkaamalla s\u00e4hk\u00f6postissamme olevaa linkki\u00e4.<\/p>\n\n\n\n<p><strong>EV\u00c4STEIDEN K\u00c4YTT\u00d6<\/strong><br>K\u00e4yt\u00e4mme ev\u00e4steit\u00e4 <a href=\"http:\/\/purkamattaparas.fi\">purkamattaparas.fi<\/a>-sivustolla parantaaksemme ja kehitt\u00e4\u00e4ksemme palveluitamme. Ev\u00e4steet ovat k\u00e4ytt\u00e4j\u00e4n tietokoneella l\u00e4hetett\u00e4vi\u00e4 ja siell\u00e4 s\u00e4ilytett\u00e4vi\u00e4 tiedostoja, jotka mahdollistavat usein sivuilla vierailevien k\u00e4vij\u00f6iden tunnistamisen. Seuraamme k\u00e4vij\u00e4liikennett\u00e4 esimerkiksi tutkiaksemme mitk\u00e4 sis\u00e4ll\u00f6t ovat suosittuja tai mist\u00e4 l\u00e4hteest\u00e4 verkkosivuillemme useimmin tullaan. Ev\u00e4steiden avulla saatu tieto on anonyymi\u00e4 eik\u00e4 sit\u00e4 yhdistet\u00e4 muihin ker\u00e4\u00e4miimme tietoihin. Ev\u00e4steet mahdollistavat my\u00f6s kohdennetun mainonnan verkkosivuston k\u00e4vij\u00e4lle. Jos k\u00e4yt\u00e4mme kohdennettua mainontaa, k\u00e4yt\u00e4mme luotettujen, kolmansien osapuolten kuten Googlen ja Metan, mainosverkkoja. Kolmannen osapuolen tarjoamiin palveluihin sovelletaan kyseisen osapuolen k\u00e4ytt\u00f6- ja muita ehtoja.<\/p>\n\n\n\n<p><strong>HENKIL\u00d6TIETOJEN S\u00c4ILYTT\u00c4MINEN, P\u00c4IVITT\u00c4MINEN JA H\u00c4VITT\u00c4MINEN<\/strong><br>K\u00e4sittelem\u00e4mme henkil\u00f6tiedot ovat p\u00e4\u00e4s\u00e4\u00e4nt\u00f6isesti tietoja, jotka asiakas on itse ilmoittanut meille esimerkiksi tilaamalla uutiskirjeemme. Henkil\u00f6tiedot h\u00e4vitet\u00e4\u00e4n henkil\u00f6tietolain mukaan, kun niiden s\u00e4ilytt\u00e4misen oikeudellinen peruste lakkaa. Voit pyyt\u00e4\u00e4 omien tietojesi poistamista ottamalla yhteytt\u00e4 meihin ja esim. m\u00e4\u00e4ritell\u00e4 milloin et halua en\u00e4\u00e4 vastaanottaa markkinointiviestej\u00e4 s\u00e4hk\u00f6postitse meilt\u00e4.<\/p>\n\n\n\n<p><strong>TIETOJEN SUOJAUS<\/strong><br>Kampanjan hallussa oleviin henkil\u00f6tietoihin on p\u00e4\u00e4sy vain kampanjan toimijoilla, joiden ty\u00f6h\u00f6n kyseisten tietojen k\u00e4sittely kuuluu. Rekistereiden tietojen k\u00e4sittely edellytt\u00e4\u00e4 salasanaa ja k\u00e4ytt\u00e4j\u00e4tunnusta sek\u00e4 riitt\u00e4vi\u00e4 k\u00e4ytt\u00f6oikeuksia. Rekisterit on suojattu ulkopuoliselta k\u00e4yt\u00f6lt\u00e4. Lis\u00e4ksi henkil\u00f6tietoihin on p\u00e4\u00e4sy kyseess\u00e4 olevan j\u00e4rjestelm\u00e4n kehitt\u00e4jill\u00e4 jotka ovat sitoutuneet henkil\u00f6tietojen tietoturvalliseen k\u00e4sittelyyn.&nbsp;<\/p>\n\n\n\n<p><strong>TIETOJEN LUOVUTUS<\/strong><br>Emme luovuta tietojasi ulkopuolisille ilman lupaasi. Voimme luovuttaa asiakastietoja viranomaisille voimassaolevan lains\u00e4\u00e4d\u00e4nn\u00f6n mukaisesti.<\/p>\n\n\n\n<p><strong>TARKASTUSOIKEUS<\/strong><br>Voit koska tahansa tarkastaa mit\u00e4 tietojasi rekistereihimme on talletettu. Tarkastus- ja korjauspyynn\u00f6t tulee l\u00e4hett\u00e4\u00e4 s\u00e4hk\u00f6postitse osoitteeseen <a href=\"mailto:purkamattaparas@gmail.com\">purkamattaparas@gmail.com<\/a>. Huomioi ett\u00e4 tietojen tarkastus edellytt\u00e4\u00e4 henkil\u00f6llisyyden todentamista.<\/p>\n\n\n\n<p><strong>MUUTOKSET TIETOSUOJAK\u00c4YT\u00c4NT\u00d6\u00d6N<\/strong><br>Toiminnan kehittyess\u00e4 voimme tehd\u00e4 muutoksia tai t\u00e4smennyksi\u00e4 t\u00e4h\u00e4n tietosuojak\u00e4yt\u00e4nt\u00f6\u00f6n.<\/p>\n\n\n\n<p><strong>YHTEYSTIEDOT JA TIEDUSTELUT<\/strong><br>Purkamatta paras -kampanja<br><a href=\"https:\/\/gravatar.com\/susannaraunio\">purkamattaparas@gmail.com<\/a><\/p>\n","protected":false},"excerpt":{"rendered":"<p>Tietosuoja on meille t\u00e4rke\u00e4&nbsp; asia ja k\u00e4sittelemme aina kaikkia henkil\u00f6tietoja huolellisesti ja sovellettavien lakien ja m\u00e4\u00e4r\u00e4ysten mukaisesti. Olemme sitoutuneet kunnioittamaan oikeuksia, jotka liittyv\u00e4t tallennettuihin henkil\u00f6tietoihin. K\u00e4sittelemme tietoja EU:n tietosuoja-asetuksen (GDPR) mukaan. T\u00e4m\u00e4 tietosuojaseloste koskee Purkamatta paras -kampanjan verkkopalvelujen k\u00e4ytt\u00e4ji\u00e4. REKISTERINPIT\u00c4J\u00c4Henkil\u00f6tietojesi k\u00e4sittelyst\u00e4 vastaa Purkamatta paras -kampanja (rekisterinpit\u00e4j\u00e4). Tarjoamme tietoa toiminnastamme, kuten n\u00e4yttelyist\u00e4, rakennussuojelusta, tutkimuksesta ja tapahtumista. &hellip; <\/p>\n<p class=\"link-more\"><a href=\"https:\/\/purkamattaparas.fi\/index.php\/privacy-policy\/\" class=\"more-link\">Jatka lukemista<span class=\"screen-reader-text\"> &#8221;Tietosuoja&#8221;<\/span><\/a><\/p>\n","protected":false},"author":1,"featured_media":0,"parent":0,"menu_order":0,"comment_status":"closed","ping_status":"closed","template":"","meta":{"footnotes":""},"class_list":["post-3","page","type-page","status-publish","hentry"],"_links":{"self":[{"href":"https:\/\/purkamattaparas.fi\/index.php\/wp-json\/wp\/v2\/pages\/3","targetHints":{"allow":["GET"]}}],"collection":[{"href":"https:\/\/purkamattaparas.fi\/index.php\/wp-json\/wp\/v2\/pages"}],"about":[{"href":"https:\/\/purkamattaparas.fi\/index.php\/wp-json\/wp\/v2\/types\/page"}],"author":[{"embeddable":true,"href":"https:\/\/purkamattaparas.fi\/index.php\/wp-json\/wp\/v2\/users\/1"}],"replies":[{"embeddable":true,"href":"https:\/\/purkamattaparas.fi\/index.php\/wp-json\/wp\/v2\/comments?post=3"}],"version-history":[{"count":4,"href":"https:\/\/purkamattaparas.fi\/index.php\/wp-json\/wp\/v2\/pages\/3\/revisions"}],"predecessor-version":[{"id":335,"href":"https:\/\/purkamattaparas.fi\/index.php\/wp-json\/wp\/v2\/pages\/3\/revisions\/335"}],"wp:attachment":[{"href":"https:\/\/purkamattaparas.fi\/index.php\/wp-json\/wp\/v2\/media?parent=3"}],"curies":[{"name":"wp","href":"https:\/\/api.w.org\/{rel}","templated":true}]}}