{"id":247,"date":"2024-10-03T06:30:58","date_gmt":"2024-10-03T06:30:58","guid":{"rendered":"https:\/\/purkamattaparas.fi\/?page_id=247"},"modified":"2025-05-18T13:54:33","modified_gmt":"2025-05-18T13:54:33","slug":"etusivu","status":"publish","type":"page","link":"https:\/\/purkamattaparas.fi\/","title":{"rendered":"Purkamatta paras"},"content":{"rendered":"\n<figure class=\"wp-block-pullquote\"><blockquote><p>Rakentamisen osuus p\u00e4\u00e4st\u00f6ist\u00e4 ja j\u00e4tekuormituksesta on huomattava, noin kolmannes p\u00e4\u00e4st\u00f6ist\u00e4 ja 40 % j\u00e4tteist\u00e4.&nbsp;<\/p><cite><span style=\"font-size: inherit; font-style: normal; font-weight: 600;\">Pienetkin muutokset, teot ja tekem\u00e4tt\u00e4 j\u00e4tt\u00e4miset rakennuskulttuurissa vaikuttavat merkitt\u00e4v\u00e4sti ilmastonmuutoksen torjunnassa ja Suomen ilmastonmuutostavoitteiden saavuttamisessa.<\/span><br><br><strong>Purkamatta paras -kampanja seisoo purkuaaltoa vastaan.<\/strong><\/cite><\/blockquote><\/figure>\n\n\n\n<p><\/p>\n\n\n\n<p><\/p>\n\n\n\n<hr class=\"wp-block-separator has-alpha-channel-opacity\"\/>\n\n\n\n<p class=\"has-text-align-center has-small-font-size\">Kuvat: Aktian talon purkuty\u00f6t aloitettiin marraskuussa 2023 Helsingin Mannerheimintiell\u00e4. Kurt Simbergin suunnittelema Aktian talo oli Helsingin keskustassa sijainnut Helsingin S\u00e4\u00e4st\u00f6pankin (nyk. Aktia-pankki) rakennuttama yhdeks\u00e4nkerroksinen toimisto- ja liikerakennus, joka valmistui vuonna 1963. Kuva: Maire Mattinen 13.3.2024 | Pasilan konepaja, kokoonpanohallin ja maalaamon korjaus- ja muutoshanke; AD-Studio, Laitila Arkkitehdit, Saatsi Arkkitehdit. Anders Portman \/ Kuvatoimisto Kuvio, 2024.<\/p>\n","protected":false},"excerpt":{"rendered":"<p>Rakentamisen osuus p\u00e4\u00e4st\u00f6ist\u00e4 ja j\u00e4tekuormituksesta on huomattava, noin kolmannes p\u00e4\u00e4st\u00f6ist\u00e4 ja 40 % j\u00e4tteist\u00e4.&nbsp; Pienetkin muutokset, teot ja tekem\u00e4tt\u00e4 j\u00e4tt\u00e4miset rakennuskulttuurissa vaikuttavat merkitt\u00e4v\u00e4sti ilmastonmuutoksen torjunnassa ja Suomen ilmastonmuutostavoitteiden saavuttamisessa. Purkamatta paras -kampanja seisoo purkuaaltoa vastaan. Kuvat: Aktian talon purkuty\u00f6t aloitettiin marraskuussa 2023 Helsingin Mannerheimintiell\u00e4. Kurt Simbergin suunnittelema Aktian talo oli Helsingin keskustassa sijainnut Helsingin S\u00e4\u00e4st\u00f6pankin &hellip; <\/p>\n<p class=\"link-more\"><a href=\"https:\/\/purkamattaparas.fi\/\" class=\"more-link\">Jatka lukemista<span class=\"screen-reader-text\"> &#8221;Purkamatta paras&#8221;<\/span><\/a><\/p>\n","protected":false},"author":2,"featured_media":264,"parent":0,"menu_order":0,"comment_status":"closed","ping_status":"closed","template":"","meta":{"footnotes":""},"class_list":["post-247","page","type-page","status-publish","has-post-thumbnail","hentry"],"_links":{"self":[{"href":"https:\/\/purkamattaparas.fi\/index.php\/wp-json\/wp\/v2\/pages\/247","targetHints":{"allow":["GET"]}}],"collection":[{"href":"https:\/\/purkamattaparas.fi\/index.php\/wp-json\/wp\/v2\/pages"}],"about":[{"href":"https:\/\/purkamattaparas.fi\/index.php\/wp-json\/wp\/v2\/types\/page"}],"author":[{"embeddable":true,"href":"https:\/\/purkamattaparas.fi\/index.php\/wp-json\/wp\/v2\/users\/2"}],"replies":[{"embeddable":true,"href":"https:\/\/purkamattaparas.fi\/index.php\/wp-json\/wp\/v2\/comments?post=247"}],"version-history":[{"count":9,"href":"https:\/\/purkamattaparas.fi\/index.php\/wp-json\/wp\/v2\/pages\/247\/revisions"}],"predecessor-version":[{"id":535,"href":"https:\/\/purkamattaparas.fi\/index.php\/wp-json\/wp\/v2\/pages\/247\/revisions\/535"}],"wp:featuredmedia":[{"embeddable":true,"href":"https:\/\/purkamattaparas.fi\/index.php\/wp-json\/wp\/v2\/media\/264"}],"wp:attachment":[{"href":"https:\/\/purkamattaparas.fi\/index.php\/wp-json\/wp\/v2\/media?parent=247"}],"curies":[{"name":"wp","href":"https:\/\/api.w.org\/{rel}","templated":true}]}}